{"id":8626,"date":"2021-07-28T10:19:41","date_gmt":"2021-07-28T08:19:41","guid":{"rendered":"https:\/\/hds.chemin-neuf.org\/alumni\/"},"modified":"2021-07-28T11:40:18","modified_gmt":"2021-07-28T09:40:18","slug":"alumni","status":"publish","type":"page","link":"https:\/\/hds.chemin-neuf.org\/en\/news\/alumni\/","title":{"rendered":"Alumni"},"content":{"rendered":"\n<h4 class=\"has-text-align-center wp-block-heading\">Alumni ? Find your Hautecombe Discipleship School class (known formerly as Cycle A and Cycle C!)<\/h4>\n\n\n\n<h4 class=\"has-text-align-center wp-block-heading\">2020-21<\/h4>\n\n\n\n<figure class=\"wp-block-gallery aligncenter columns-2 wp-block-gallery-1 is-layout-flex wp-block-gallery-is-layout-flex\"><ul class=\"blocks-gallery-grid\"><li class=\"blocks-gallery-item\"><figure><a href=\"https:\/\/hds.chemin-neuf.org\/wp-content\/uploads\/2021\/05\/2020-Promo-Semestre-1-fin-6-x-9-scaled.jpg\"><img loading=\"lazy\" decoding=\"async\" width=\"1024\" height=\"576\" src=\"https:\/\/hds.chemin-neuf.org\/wp-content\/uploads\/2021\/05\/2020-Promo-Semestre-1-fin-6-x-9-1024x576.jpg\" alt=\"\" data-id=\"6409\" data-full-url=\"https:\/\/hds.chemin-neuf.org\/wp-content\/uploads\/2021\/05\/2020-Promo-Semestre-1-fin-6-x-9-scaled.jpg\" data-link=\"https:\/\/hds.chemin-neuf.org\/actualites\/promos\/2020-promo-semestre-1-fin-6-x-9\/\" class=\"wp-image-6409\" srcset=\"https:\/\/hds.chemin-neuf.org\/wp-content\/uploads\/2021\/05\/2020-Promo-Semestre-1-fin-6-x-9-1024x576.jpg 1024w, https:\/\/hds.chemin-neuf.org\/wp-content\/uploads\/2021\/05\/2020-Promo-Semestre-1-fin-6-x-9-300x169.jpg 300w, https:\/\/hds.chemin-neuf.org\/wp-content\/uploads\/2021\/05\/2020-Promo-Semestre-1-fin-6-x-9-768x432.jpg 768w, https:\/\/hds.chemin-neuf.org\/wp-content\/uploads\/2021\/05\/2020-Promo-Semestre-1-fin-6-x-9-1536x864.jpg 1536w, https:\/\/hds.chemin-neuf.org\/wp-content\/uploads\/2021\/05\/2020-Promo-Semestre-1-fin-6-x-9-2048x1152.jpg 2048w\" sizes=\"auto, (max-width: 1024px) 100vw, 1024px\" \/><\/a><figcaption class=\"blocks-gallery-item__caption\">2020-21  [Semestre 1]<\/figcaption><\/figure><\/li><li class=\"blocks-gallery-item\"><figure><a href=\"https:\/\/hds.chemin-neuf.org\/wp-content\/uploads\/2021\/05\/2020-Promo-Semestre-2-de\u0301but-6-x-9-1-scaled.jpg\"><img loading=\"lazy\" decoding=\"async\" width=\"1024\" height=\"576\" src=\"https:\/\/hds.chemin-neuf.org\/wp-content\/uploads\/2021\/05\/2020-Promo-Semestre-2-de\u0301but-6-x-9-1-1024x576.jpg\" alt=\"\" data-id=\"6415\" data-full-url=\"https:\/\/hds.chemin-neuf.org\/wp-content\/uploads\/2021\/05\/2020-Promo-Semestre-2-de\u0301but-6-x-9-1-scaled.jpg\" data-link=\"https:\/\/hds.chemin-neuf.org\/actualites\/promos\/2020-promo-semestre-2-debut-6-x-9-1\/\" class=\"wp-image-6415\" srcset=\"https:\/\/hds.chemin-neuf.org\/wp-content\/uploads\/2021\/05\/2020-Promo-Semestre-2-de\u0301but-6-x-9-1-1024x576.jpg 1024w, https:\/\/hds.chemin-neuf.org\/wp-content\/uploads\/2021\/05\/2020-Promo-Semestre-2-de\u0301but-6-x-9-1-300x169.jpg 300w, https:\/\/hds.chemin-neuf.org\/wp-content\/uploads\/2021\/05\/2020-Promo-Semestre-2-de\u0301but-6-x-9-1-768x432.jpg 768w, https:\/\/hds.chemin-neuf.org\/wp-content\/uploads\/2021\/05\/2020-Promo-Semestre-2-de\u0301but-6-x-9-1-1536x864.jpg 1536w, https:\/\/hds.chemin-neuf.org\/wp-content\/uploads\/2021\/05\/2020-Promo-Semestre-2-de\u0301but-6-x-9-1-2048x1152.jpg 2048w\" sizes=\"auto, (max-width: 1024px) 100vw, 1024px\" \/><\/a><figcaption class=\"blocks-gallery-item__caption\">2020-21  [Semestre 2]<\/figcaption><\/figure><\/li><\/ul><\/figure>\n\n\n\n<p>Anne, Isabelle, Andrea, Marie, Marie-C\u00e9line, Christopher, Myl\u00e8ne, Giovanni, Humbeline, Antton, Matthieu, Mathilde, La\u00ebtitia, Eloi, Patrick, L\u00e9opoldine, Thibaut, Marie, Jeanne, Solenne, Emma, M\u00e1rton, Bori, Baptiste, Margot, Rahel, Julie, Mathilde, Yannick, Anne-Claire, Thibault, Marion, Charlotte, Agn\u00e8s, Paulina, Caroline, Coline, Kata, Michelle, Jeanne, Samuel, Gladys, Jakub, Paul<br><em>Netherlands, Lebanon, France, Poland, Italy, Hungary, Switzerland, Ivory Coast, Germany, Burundi, Cameroon<\/em><\/p>\n\n\n\n<h4 class=\"has-text-align-center wp-block-heading\">2019-20<\/h4>\n\n\n\n<figure class=\"wp-block-gallery aligncenter columns-2 wp-block-gallery-2 is-layout-flex wp-block-gallery-is-layout-flex\"><ul class=\"blocks-gallery-grid\"><li class=\"blocks-gallery-item\"><figure><a href=\"https:\/\/hds.chemin-neuf.org\/wp-content\/uploads\/2021\/05\/2019-20-fin-Semestre-1-6-X-9-scaled.jpg\"><img loading=\"lazy\" decoding=\"async\" width=\"1024\" height=\"576\" src=\"https:\/\/hds.chemin-neuf.org\/wp-content\/uploads\/2021\/05\/2019-20-fin-Semestre-1-6-X-9-1024x576.jpg\" alt=\"\" data-id=\"6420\" data-full-url=\"https:\/\/hds.chemin-neuf.org\/wp-content\/uploads\/2021\/05\/2019-20-fin-Semestre-1-6-X-9-scaled.jpg\" data-link=\"https:\/\/hds.chemin-neuf.org\/actualites\/promos\/2019-20-fin-semestre-1-6-x-9\/\" class=\"wp-image-6420\" srcset=\"https:\/\/hds.chemin-neuf.org\/wp-content\/uploads\/2021\/05\/2019-20-fin-Semestre-1-6-X-9-1024x576.jpg 1024w, https:\/\/hds.chemin-neuf.org\/wp-content\/uploads\/2021\/05\/2019-20-fin-Semestre-1-6-X-9-300x169.jpg 300w, https:\/\/hds.chemin-neuf.org\/wp-content\/uploads\/2021\/05\/2019-20-fin-Semestre-1-6-X-9-768x432.jpg 768w, https:\/\/hds.chemin-neuf.org\/wp-content\/uploads\/2021\/05\/2019-20-fin-Semestre-1-6-X-9-1536x864.jpg 1536w, https:\/\/hds.chemin-neuf.org\/wp-content\/uploads\/2021\/05\/2019-20-fin-Semestre-1-6-X-9-2048x1152.jpg 2048w\" sizes=\"auto, (max-width: 1024px) 100vw, 1024px\" \/><\/a><figcaption class=\"blocks-gallery-item__caption\">2019-20  [Semestre 1]<\/figcaption><\/figure><\/li><li class=\"blocks-gallery-item\"><figure><a href=\"https:\/\/hds.chemin-neuf.org\/wp-content\/uploads\/2021\/05\/2019-20-fin-semestre-2-6-X-9-scaled.jpg\"><img loading=\"lazy\" decoding=\"async\" width=\"1024\" height=\"576\" src=\"https:\/\/hds.chemin-neuf.org\/wp-content\/uploads\/2021\/05\/2019-20-fin-semestre-2-6-X-9-1024x576.jpg\" alt=\"\" data-id=\"6422\" data-full-url=\"https:\/\/hds.chemin-neuf.org\/wp-content\/uploads\/2021\/05\/2019-20-fin-semestre-2-6-X-9-scaled.jpg\" data-link=\"https:\/\/hds.chemin-neuf.org\/actualites\/promos\/2019-20-fin-semestre-2-6-x-9\/\" class=\"wp-image-6422\" srcset=\"https:\/\/hds.chemin-neuf.org\/wp-content\/uploads\/2021\/05\/2019-20-fin-semestre-2-6-X-9-1024x576.jpg 1024w, https:\/\/hds.chemin-neuf.org\/wp-content\/uploads\/2021\/05\/2019-20-fin-semestre-2-6-X-9-300x169.jpg 300w, https:\/\/hds.chemin-neuf.org\/wp-content\/uploads\/2021\/05\/2019-20-fin-semestre-2-6-X-9-768x432.jpg 768w, https:\/\/hds.chemin-neuf.org\/wp-content\/uploads\/2021\/05\/2019-20-fin-semestre-2-6-X-9-1536x864.jpg 1536w, https:\/\/hds.chemin-neuf.org\/wp-content\/uploads\/2021\/05\/2019-20-fin-semestre-2-6-X-9-2048x1152.jpg 2048w\" sizes=\"auto, (max-width: 1024px) 100vw, 1024px\" \/><\/a><figcaption class=\"blocks-gallery-item__caption\">2019-20  [Semestre 2]<\/figcaption><\/figure><\/li><\/ul><\/figure>\n\n\n\n<h4 class=\"has-text-align-center wp-block-heading\">2016-17<\/h4>\n\n\n\n<figure class=\"wp-block-gallery aligncenter columns-2 wp-block-gallery-3 is-layout-flex wp-block-gallery-is-layout-flex\"><ul class=\"blocks-gallery-grid\"><li class=\"blocks-gallery-item\"><figure><a href=\"https:\/\/hds.chemin-neuf.org\/wp-content\/uploads\/2021\/05\/2017-Cycle-C-2017-Ame\u0301lie-1-copy.jpeg\"><img loading=\"lazy\" decoding=\"async\" width=\"1024\" height=\"576\" src=\"https:\/\/hds.chemin-neuf.org\/wp-content\/uploads\/2021\/05\/2017-Cycle-C-2017-Ame\u0301lie-1-copy-1024x576.jpeg\" alt=\"\" data-id=\"6424\" data-full-url=\"https:\/\/hds.chemin-neuf.org\/wp-content\/uploads\/2021\/05\/2017-Cycle-C-2017-Ame\u0301lie-1-copy.jpeg\" data-link=\"https:\/\/hds.chemin-neuf.org\/actualites\/promos\/2017-cycle-c-2017-amelie-1-copy\/\" class=\"wp-image-6425\" srcset=\"https:\/\/hds.chemin-neuf.org\/wp-content\/uploads\/2021\/05\/2017-Cycle-C-2017-Ame\u0301lie-1-copy-1024x576.jpeg 1024w, https:\/\/hds.chemin-neuf.org\/wp-content\/uploads\/2021\/05\/2017-Cycle-C-2017-Ame\u0301lie-1-copy-300x169.jpeg 300w, https:\/\/hds.chemin-neuf.org\/wp-content\/uploads\/2021\/05\/2017-Cycle-C-2017-Ame\u0301lie-1-copy-768x432.jpeg 768w, https:\/\/hds.chemin-neuf.org\/wp-content\/uploads\/2021\/05\/2017-Cycle-C-2017-Ame\u0301lie-1-copy-1536x864.jpeg 1536w, https:\/\/hds.chemin-neuf.org\/wp-content\/uploads\/2021\/05\/2017-Cycle-C-2017-Ame\u0301lie-1-copy.jpeg 1600w\" sizes=\"auto, (max-width: 1024px) 100vw, 1024px\" \/><\/a><figcaption class=\"blocks-gallery-item__caption\">Cycle C 2017<\/figcaption><\/figure><\/li><li class=\"blocks-gallery-item\"><figure><a href=\"https:\/\/hds.chemin-neuf.org\/wp-content\/uploads\/2021\/05\/2017-Cycle-C-2017-Ame\u0301lie-2-copy.jpeg\"><img loading=\"lazy\" decoding=\"async\" width=\"1024\" height=\"576\" src=\"https:\/\/hds.chemin-neuf.org\/wp-content\/uploads\/2021\/05\/2017-Cycle-C-2017-Ame\u0301lie-2-copy-1024x576.jpeg\" alt=\"\" data-id=\"6426\" data-full-url=\"https:\/\/hds.chemin-neuf.org\/wp-content\/uploads\/2021\/05\/2017-Cycle-C-2017-Ame\u0301lie-2-copy.jpeg\" data-link=\"https:\/\/hds.chemin-neuf.org\/actualites\/promos\/2017-cycle-c-2017-amelie-2-copy\/\" class=\"wp-image-6427\" srcset=\"https:\/\/hds.chemin-neuf.org\/wp-content\/uploads\/2021\/05\/2017-Cycle-C-2017-Ame\u0301lie-2-copy-1024x576.jpeg 1024w, https:\/\/hds.chemin-neuf.org\/wp-content\/uploads\/2021\/05\/2017-Cycle-C-2017-Ame\u0301lie-2-copy-300x169.jpeg 300w, https:\/\/hds.chemin-neuf.org\/wp-content\/uploads\/2021\/05\/2017-Cycle-C-2017-Ame\u0301lie-2-copy-768x432.jpeg 768w, https:\/\/hds.chemin-neuf.org\/wp-content\/uploads\/2021\/05\/2017-Cycle-C-2017-Ame\u0301lie-2-copy-1536x864.jpeg 1536w, https:\/\/hds.chemin-neuf.org\/wp-content\/uploads\/2021\/05\/2017-Cycle-C-2017-Ame\u0301lie-2-copy.jpeg 1600w\" sizes=\"auto, (max-width: 1024px) 100vw, 1024px\" \/><\/a><figcaption class=\"blocks-gallery-item__caption\">Cycle C 2017<\/figcaption><\/figure><\/li><\/ul><\/figure>\n\n\n\n<h4 class=\"has-text-align-center wp-block-heading\">More photos coming soon!<\/h4>\n\n\n\n<h4 class=\"has-text-align-center wp-block-heading\">1990-1992<\/h4>\n\n\n\n<figure class=\"wp-block-gallery aligncenter columns-2 wp-block-gallery-4 is-layout-flex wp-block-gallery-is-layout-flex\"><ul class=\"blocks-gallery-grid\"><li class=\"blocks-gallery-item\"><figure><a href=\"https:\/\/hds.chemin-neuf.org\/wp-content\/uploads\/2021\/05\/1990-91-Cycle-C2-Tigery-1990-1991-Ruth-LAGEMAN-6x9-1.jpeg\"><img loading=\"lazy\" decoding=\"async\" width=\"1024\" height=\"576\" src=\"https:\/\/hds.chemin-neuf.org\/wp-content\/uploads\/2021\/05\/1990-91-Cycle-C2-Tigery-1990-1991-Ruth-LAGEMAN-6x9-1-1024x576.jpeg\" alt=\"\" data-id=\"6432\" data-full-url=\"https:\/\/hds.chemin-neuf.org\/wp-content\/uploads\/2021\/05\/1990-91-Cycle-C2-Tigery-1990-1991-Ruth-LAGEMAN-6x9-1.jpeg\" data-link=\"https:\/\/hds.chemin-neuf.org\/actualites\/promos\/1990-91-cycle-c2-tigery-1990-1991-ruth-lageman-6x9-1\/\" class=\"wp-image-6433\" srcset=\"https:\/\/hds.chemin-neuf.org\/wp-content\/uploads\/2021\/05\/1990-91-Cycle-C2-Tigery-1990-1991-Ruth-LAGEMAN-6x9-1-1024x576.jpeg 1024w, https:\/\/hds.chemin-neuf.org\/wp-content\/uploads\/2021\/05\/1990-91-Cycle-C2-Tigery-1990-1991-Ruth-LAGEMAN-6x9-1-300x169.jpeg 300w, https:\/\/hds.chemin-neuf.org\/wp-content\/uploads\/2021\/05\/1990-91-Cycle-C2-Tigery-1990-1991-Ruth-LAGEMAN-6x9-1-768x432.jpeg 768w, https:\/\/hds.chemin-neuf.org\/wp-content\/uploads\/2021\/05\/1990-91-Cycle-C2-Tigery-1990-1991-Ruth-LAGEMAN-6x9-1-1536x864.jpeg 1536w, https:\/\/hds.chemin-neuf.org\/wp-content\/uploads\/2021\/05\/1990-91-Cycle-C2-Tigery-1990-1991-Ruth-LAGEMAN-6x9-1.jpeg 1600w\" sizes=\"auto, (max-width: 1024px) 100vw, 1024px\" \/><\/a><figcaption class=\"blocks-gallery-item__caption\">Cycle C2 1990-1991<\/figcaption><\/figure><\/li><li class=\"blocks-gallery-item\"><figure><a href=\"https:\/\/hds.chemin-neuf.org\/wp-content\/uploads\/2021\/05\/1992-Photos-Cycle-A-1992-Sonia-copy-6x9-1-scaled.jpg\"><img loading=\"lazy\" decoding=\"async\" width=\"1024\" height=\"576\" src=\"https:\/\/hds.chemin-neuf.org\/wp-content\/uploads\/2021\/05\/1992-Photos-Cycle-A-1992-Sonia-copy-6x9-1-1024x576.jpg\" alt=\"\" data-id=\"6434\" data-full-url=\"https:\/\/hds.chemin-neuf.org\/wp-content\/uploads\/2021\/05\/1992-Photos-Cycle-A-1992-Sonia-copy-6x9-1-scaled.jpg\" data-link=\"https:\/\/hds.chemin-neuf.org\/actualites\/promos\/1992-photos-cycle-a-1992-sonia-copy-6x9-1\/\" class=\"wp-image-6434\" srcset=\"https:\/\/hds.chemin-neuf.org\/wp-content\/uploads\/2021\/05\/1992-Photos-Cycle-A-1992-Sonia-copy-6x9-1-1024x576.jpg 1024w, https:\/\/hds.chemin-neuf.org\/wp-content\/uploads\/2021\/05\/1992-Photos-Cycle-A-1992-Sonia-copy-6x9-1-300x169.jpg 300w, https:\/\/hds.chemin-neuf.org\/wp-content\/uploads\/2021\/05\/1992-Photos-Cycle-A-1992-Sonia-copy-6x9-1-768x432.jpg 768w, https:\/\/hds.chemin-neuf.org\/wp-content\/uploads\/2021\/05\/1992-Photos-Cycle-A-1992-Sonia-copy-6x9-1-1536x864.jpg 1536w, https:\/\/hds.chemin-neuf.org\/wp-content\/uploads\/2021\/05\/1992-Photos-Cycle-A-1992-Sonia-copy-6x9-1-2048x1152.jpg 2048w\" sizes=\"auto, (max-width: 1024px) 100vw, 1024px\" \/><\/a><figcaption class=\"blocks-gallery-item__caption\">Cycle A 1992<\/figcaption><\/figure><\/li><\/ul><\/figure>\n\n\n\n<div class=\"wp-block-columns alignfull are-vertically-aligned-center is-layout-flex wp-container-core-columns-is-layout-9d6595d7 wp-block-columns-is-layout-flex\">\n<div class=\"wp-block-column is-vertically-aligned-center is-layout-flow wp-block-column-is-layout-flow\" style=\"flex-basis:25%\">\n<figure class=\"wp-block-image size-large is-style-default\"><a href=\"https:\/\/hds.chemin-neuf.org\/\"><img loading=\"lazy\" decoding=\"async\" width=\"995\" height=\"1024\" src=\"https:\/\/hds.chemin-neuf.org\/wp-content\/uploads\/2021\/06\/LOGO-HDS-1-995x1024.png\" alt=\"\" class=\"wp-image-7684\" srcset=\"https:\/\/hds.chemin-neuf.org\/wp-content\/uploads\/2021\/06\/LOGO-HDS-1-995x1024.png 995w, https:\/\/hds.chemin-neuf.org\/wp-content\/uploads\/2021\/06\/LOGO-HDS-1-291x300.png 291w, https:\/\/hds.chemin-neuf.org\/wp-content\/uploads\/2021\/06\/LOGO-HDS-1-768x791.png 768w, https:\/\/hds.chemin-neuf.org\/wp-content\/uploads\/2021\/06\/LOGO-HDS-1-1492x1536.png 1492w, https:\/\/hds.chemin-neuf.org\/wp-content\/uploads\/2021\/06\/LOGO-HDS-1-1989x2048.png 1989w\" sizes=\"auto, (max-width: 995px) 100vw, 995px\" \/><\/a><\/figure>\n\n\n\n<p><\/p>\n<\/div>\n\n\n\n<div class=\"wp-block-column is-vertically-aligned-center is-layout-flow wp-block-column-is-layout-flow\">\n<h4 class=\"alignfull has-text-align-center wp-block-heading\">BECOME DISCIPLES<br>\u00b7\u00b7\u00b7<br>TRANSFORM THE WORLD<\/h4>\n\n\n\n<div class=\"wp-block-buttons is-content-justification-center is-layout-flex wp-block-buttons-is-layout-flex\">\n<div class=\"wp-block-button is-style-outline is-style-outline--5\"><a class=\"wp-block-button__link has-light-orange-color has-gold-background-color has-text-color has-background no-border-radius\" href=\"https:\/\/hds.chemin-neuf.org\/infos-pratiques\/contactez-nous\/\">BE PART OF THE NEXT COHORT<\/a><\/div>\n<\/div>\n<\/div>\n<\/div>\n","protected":false},"excerpt":{"rendered":"<p>Alumni ? Find your Hautecombe Discipleship School class (known formerly as Cycle A and Cycle C!) 2020-21 Anne, Isabelle, Andrea, Marie, Marie-C\u00e9line, Christopher, Myl\u00e8ne, Giovanni, Humbeline, Antton, Matthieu, Mathilde, La\u00ebtitia, Eloi, Patrick, L\u00e9opoldine, Thibaut, Marie, Jeanne, Solenne, Emma, M\u00e1rton, Bori, Baptiste, Margot, Rahel, Julie, Mathilde, Yannick, Anne-Claire, Thibault, Marion, Charlotte, Agn\u00e8s, Paulina, Caroline, Coline, Kata, [&hellip;]<\/p>\n","protected":false},"author":1,"featured_media":13146,"parent":8662,"menu_order":2,"comment_status":"closed","ping_status":"closed","template":"","meta":{"_acf_changed":false,"footnotes":""},"class_list":["post-8626","page","type-page","status-publish","has-post-thumbnail","hentry"],"acf":[],"yoast_head":"<!-- This site is optimized with the Yoast SEO plugin v27.5 - https:\/\/yoast.com\/product\/yoast-seo-wordpress\/ -->\n<title>Alumni - Hautecombe Discipleship School<\/title>\n<meta name=\"robots\" content=\"index, follow, max-snippet:-1, max-image-preview:large, max-video-preview:-1\" \/>\n<link rel=\"canonical\" href=\"https:\/\/hds.chemin-neuf.org\/en\/news\/alumni\/\" \/>\n<meta property=\"og:locale\" content=\"en_US\" \/>\n<meta property=\"og:type\" content=\"article\" \/>\n<meta property=\"og:title\" content=\"Alumni - Hautecombe Discipleship School\" \/>\n<meta property=\"og:description\" content=\"Alumni ? Find your Hautecombe Discipleship School class (known formerly as Cycle A and Cycle C!) 2020-21 Anne, Isabelle, Andrea, Marie, Marie-C\u00e9line, Christopher, Myl\u00e8ne, Giovanni, Humbeline, Antton, Matthieu, Mathilde, La\u00ebtitia, Eloi, Patrick, L\u00e9opoldine, Thibaut, Marie, Jeanne, Solenne, Emma, M\u00e1rton, Bori, Baptiste, Margot, Rahel, Julie, Mathilde, Yannick, Anne-Claire, Thibault, Marion, Charlotte, Agn\u00e8s, Paulina, Caroline, Coline, Kata, [&hellip;]\" \/>\n<meta property=\"og:url\" content=\"https:\/\/hds.chemin-neuf.org\/en\/news\/alumni\/\" \/>\n<meta property=\"og:site_name\" content=\"Hautecombe Discipleship School\" \/>\n<meta property=\"article:publisher\" content=\"https:\/\/www.facebook.com\/hautecombediscipleshipschool\" \/>\n<meta property=\"article:modified_time\" content=\"2021-07-28T09:40:18+00:00\" \/>\n<meta property=\"og:image\" content=\"https:\/\/hds.chemin-neuf.org\/wp-content\/uploads\/2021\/06\/point-pull-HDS.png\" \/>\n\t<meta property=\"og:image:width\" content=\"1129\" \/>\n\t<meta property=\"og:image:height\" content=\"1135\" \/>\n\t<meta property=\"og:image:type\" content=\"image\/png\" \/>\n<meta name=\"twitter:card\" content=\"summary_large_image\" \/>\n<meta name=\"twitter:label1\" content=\"Est. reading time\" \/>\n\t<meta name=\"twitter:data1\" content=\"3 minutes\" \/>\n<script type=\"application\/ld+json\" class=\"yoast-schema-graph\">{\"@context\":\"https:\\\/\\\/schema.org\",\"@graph\":[{\"@type\":\"WebPage\",\"@id\":\"https:\\\/\\\/hds.chemin-neuf.org\\\/en\\\/news\\\/alumni\\\/\",\"url\":\"https:\\\/\\\/hds.chemin-neuf.org\\\/en\\\/news\\\/alumni\\\/\",\"name\":\"Alumni - Hautecombe Discipleship School\",\"isPartOf\":{\"@id\":\"https:\\\/\\\/hds.chemin-neuf.org\\\/en\\\/#website\"},\"primaryImageOfPage\":{\"@id\":\"https:\\\/\\\/hds.chemin-neuf.org\\\/en\\\/news\\\/alumni\\\/#primaryimage\"},\"image\":{\"@id\":\"https:\\\/\\\/hds.chemin-neuf.org\\\/en\\\/news\\\/alumni\\\/#primaryimage\"},\"thumbnailUrl\":\"https:\\\/\\\/hds.chemin-neuf.org\\\/wp-content\\\/uploads\\\/2025\\\/12\\\/frat-noemi-scaled-e1766054328495.jpg\",\"datePublished\":\"2021-07-28T08:19:41+00:00\",\"dateModified\":\"2021-07-28T09:40:18+00:00\",\"breadcrumb\":{\"@id\":\"https:\\\/\\\/hds.chemin-neuf.org\\\/en\\\/news\\\/alumni\\\/#breadcrumb\"},\"inLanguage\":\"en-US\",\"potentialAction\":[{\"@type\":\"ReadAction\",\"target\":[\"https:\\\/\\\/hds.chemin-neuf.org\\\/en\\\/news\\\/alumni\\\/\"]}]},{\"@type\":\"ImageObject\",\"inLanguage\":\"en-US\",\"@id\":\"https:\\\/\\\/hds.chemin-neuf.org\\\/en\\\/news\\\/alumni\\\/#primaryimage\",\"url\":\"https:\\\/\\\/hds.chemin-neuf.org\\\/wp-content\\\/uploads\\\/2025\\\/12\\\/frat-noemi-scaled-e1766054328495.jpg\",\"contentUrl\":\"https:\\\/\\\/hds.chemin-neuf.org\\\/wp-content\\\/uploads\\\/2025\\\/12\\\/frat-noemi-scaled-e1766054328495.jpg\",\"width\":2560,\"height\":1707},{\"@type\":\"BreadcrumbList\",\"@id\":\"https:\\\/\\\/hds.chemin-neuf.org\\\/en\\\/news\\\/alumni\\\/#breadcrumb\",\"itemListElement\":[{\"@type\":\"ListItem\",\"position\":1,\"name\":\"Accueil\",\"item\":\"https:\\\/\\\/hds.chemin-neuf.org\\\/en\\\/\"},{\"@type\":\"ListItem\",\"position\":2,\"name\":\"NEWS\",\"item\":\"https:\\\/\\\/hds.chemin-neuf.org\\\/en\\\/news\\\/\"},{\"@type\":\"ListItem\",\"position\":3,\"name\":\"Alumni\"}]},{\"@type\":\"WebSite\",\"@id\":\"https:\\\/\\\/hds.chemin-neuf.org\\\/en\\\/#website\",\"url\":\"https:\\\/\\\/hds.chemin-neuf.org\\\/en\\\/\",\"name\":\"Hautecombe Discipleship School\",\"description\":\"Formations avec la communaut\u00e9 du Chemin Neuf\",\"publisher\":{\"@id\":\"https:\\\/\\\/hds.chemin-neuf.org\\\/en\\\/#organization\"},\"potentialAction\":[{\"@type\":\"SearchAction\",\"target\":{\"@type\":\"EntryPoint\",\"urlTemplate\":\"https:\\\/\\\/hds.chemin-neuf.org\\\/en\\\/?s={search_term_string}\"},\"query-input\":{\"@type\":\"PropertyValueSpecification\",\"valueRequired\":true,\"valueName\":\"search_term_string\"}}],\"inLanguage\":\"en-US\"},{\"@type\":\"Organization\",\"@id\":\"https:\\\/\\\/hds.chemin-neuf.org\\\/en\\\/#organization\",\"name\":\"Hautecombe Discipleship School\",\"url\":\"https:\\\/\\\/hds.chemin-neuf.org\\\/en\\\/\",\"logo\":{\"@type\":\"ImageObject\",\"inLanguage\":\"en-US\",\"@id\":\"https:\\\/\\\/hds.chemin-neuf.org\\\/en\\\/#\\\/schema\\\/logo\\\/image\\\/\",\"url\":\"https:\\\/\\\/e72awhmgap4.exactdn.com\\\/wp-content\\\/uploads\\\/2024\\\/03\\\/Logo_3-detoure.png?strip=all&lossy=1&ssl=1\",\"contentUrl\":\"https:\\\/\\\/e72awhmgap4.exactdn.com\\\/wp-content\\\/uploads\\\/2024\\\/03\\\/Logo_3-detoure.png?strip=all&lossy=1&ssl=1\",\"width\":1920,\"height\":1920,\"caption\":\"Hautecombe Discipleship School\"},\"image\":{\"@id\":\"https:\\\/\\\/hds.chemin-neuf.org\\\/en\\\/#\\\/schema\\\/logo\\\/image\\\/\"},\"sameAs\":[\"https:\\\/\\\/www.facebook.com\\\/hautecombediscipleshipschool\",\"https:\\\/\\\/www.youtube.com\\\/@hautecombediscipleshipscho816\",\"https:\\\/\\\/www.instagram.com\\\/formation.hds\"]}]}<\/script>\n<!-- \/ Yoast SEO plugin. -->","yoast_head_json":{"title":"Alumni - Hautecombe Discipleship School","robots":{"index":"index","follow":"follow","max-snippet":"max-snippet:-1","max-image-preview":"max-image-preview:large","max-video-preview":"max-video-preview:-1"},"canonical":"https:\/\/hds.chemin-neuf.org\/en\/news\/alumni\/","og_locale":"en_US","og_type":"article","og_title":"Alumni - Hautecombe Discipleship School","og_description":"Alumni ? Find your Hautecombe Discipleship School class (known formerly as Cycle A and Cycle C!) 2020-21 Anne, Isabelle, Andrea, Marie, Marie-C\u00e9line, Christopher, Myl\u00e8ne, Giovanni, Humbeline, Antton, Matthieu, Mathilde, La\u00ebtitia, Eloi, Patrick, L\u00e9opoldine, Thibaut, Marie, Jeanne, Solenne, Emma, M\u00e1rton, Bori, Baptiste, Margot, Rahel, Julie, Mathilde, Yannick, Anne-Claire, Thibault, Marion, Charlotte, Agn\u00e8s, Paulina, Caroline, Coline, Kata, [&hellip;]","og_url":"https:\/\/hds.chemin-neuf.org\/en\/news\/alumni\/","og_site_name":"Hautecombe Discipleship School","article_publisher":"https:\/\/www.facebook.com\/hautecombediscipleshipschool","article_modified_time":"2021-07-28T09:40:18+00:00","og_image":[{"width":1129,"height":1135,"url":"https:\/\/hds.chemin-neuf.org\/wp-content\/uploads\/2021\/06\/point-pull-HDS.png","type":"image\/png"}],"twitter_card":"summary_large_image","twitter_misc":{"Est. reading time":"3 minutes"},"schema":{"@context":"https:\/\/schema.org","@graph":[{"@type":"WebPage","@id":"https:\/\/hds.chemin-neuf.org\/en\/news\/alumni\/","url":"https:\/\/hds.chemin-neuf.org\/en\/news\/alumni\/","name":"Alumni - Hautecombe Discipleship School","isPartOf":{"@id":"https:\/\/hds.chemin-neuf.org\/en\/#website"},"primaryImageOfPage":{"@id":"https:\/\/hds.chemin-neuf.org\/en\/news\/alumni\/#primaryimage"},"image":{"@id":"https:\/\/hds.chemin-neuf.org\/en\/news\/alumni\/#primaryimage"},"thumbnailUrl":"https:\/\/hds.chemin-neuf.org\/wp-content\/uploads\/2025\/12\/frat-noemi-scaled-e1766054328495.jpg","datePublished":"2021-07-28T08:19:41+00:00","dateModified":"2021-07-28T09:40:18+00:00","breadcrumb":{"@id":"https:\/\/hds.chemin-neuf.org\/en\/news\/alumni\/#breadcrumb"},"inLanguage":"en-US","potentialAction":[{"@type":"ReadAction","target":["https:\/\/hds.chemin-neuf.org\/en\/news\/alumni\/"]}]},{"@type":"ImageObject","inLanguage":"en-US","@id":"https:\/\/hds.chemin-neuf.org\/en\/news\/alumni\/#primaryimage","url":"https:\/\/hds.chemin-neuf.org\/wp-content\/uploads\/2025\/12\/frat-noemi-scaled-e1766054328495.jpg","contentUrl":"https:\/\/hds.chemin-neuf.org\/wp-content\/uploads\/2025\/12\/frat-noemi-scaled-e1766054328495.jpg","width":2560,"height":1707},{"@type":"BreadcrumbList","@id":"https:\/\/hds.chemin-neuf.org\/en\/news\/alumni\/#breadcrumb","itemListElement":[{"@type":"ListItem","position":1,"name":"Accueil","item":"https:\/\/hds.chemin-neuf.org\/en\/"},{"@type":"ListItem","position":2,"name":"NEWS","item":"https:\/\/hds.chemin-neuf.org\/en\/news\/"},{"@type":"ListItem","position":3,"name":"Alumni"}]},{"@type":"WebSite","@id":"https:\/\/hds.chemin-neuf.org\/en\/#website","url":"https:\/\/hds.chemin-neuf.org\/en\/","name":"Hautecombe Discipleship School","description":"Formations avec la communaut\u00e9 du Chemin Neuf","publisher":{"@id":"https:\/\/hds.chemin-neuf.org\/en\/#organization"},"potentialAction":[{"@type":"SearchAction","target":{"@type":"EntryPoint","urlTemplate":"https:\/\/hds.chemin-neuf.org\/en\/?s={search_term_string}"},"query-input":{"@type":"PropertyValueSpecification","valueRequired":true,"valueName":"search_term_string"}}],"inLanguage":"en-US"},{"@type":"Organization","@id":"https:\/\/hds.chemin-neuf.org\/en\/#organization","name":"Hautecombe Discipleship School","url":"https:\/\/hds.chemin-neuf.org\/en\/","logo":{"@type":"ImageObject","inLanguage":"en-US","@id":"https:\/\/hds.chemin-neuf.org\/en\/#\/schema\/logo\/image\/","url":"https:\/\/e72awhmgap4.exactdn.com\/wp-content\/uploads\/2024\/03\/Logo_3-detoure.png?strip=all&lossy=1&ssl=1","contentUrl":"https:\/\/e72awhmgap4.exactdn.com\/wp-content\/uploads\/2024\/03\/Logo_3-detoure.png?strip=all&lossy=1&ssl=1","width":1920,"height":1920,"caption":"Hautecombe Discipleship School"},"image":{"@id":"https:\/\/hds.chemin-neuf.org\/en\/#\/schema\/logo\/image\/"},"sameAs":["https:\/\/www.facebook.com\/hautecombediscipleshipschool","https:\/\/www.youtube.com\/@hautecombediscipleshipscho816","https:\/\/www.instagram.com\/formation.hds"]}]}},"_links":{"self":[{"href":"https:\/\/hds.chemin-neuf.org\/en\/wp-json\/wp\/v2\/pages\/8626","targetHints":{"allow":["GET"]}}],"collection":[{"href":"https:\/\/hds.chemin-neuf.org\/en\/wp-json\/wp\/v2\/pages"}],"about":[{"href":"https:\/\/hds.chemin-neuf.org\/en\/wp-json\/wp\/v2\/types\/page"}],"author":[{"embeddable":true,"href":"https:\/\/hds.chemin-neuf.org\/en\/wp-json\/wp\/v2\/users\/1"}],"replies":[{"embeddable":true,"href":"https:\/\/hds.chemin-neuf.org\/en\/wp-json\/wp\/v2\/comments?post=8626"}],"version-history":[{"count":5,"href":"https:\/\/hds.chemin-neuf.org\/en\/wp-json\/wp\/v2\/pages\/8626\/revisions"}],"predecessor-version":[{"id":8733,"href":"https:\/\/hds.chemin-neuf.org\/en\/wp-json\/wp\/v2\/pages\/8626\/revisions\/8733"}],"up":[{"embeddable":true,"href":"https:\/\/hds.chemin-neuf.org\/en\/wp-json\/wp\/v2\/pages\/8662"}],"wp:featuredmedia":[{"embeddable":true,"href":"https:\/\/hds.chemin-neuf.org\/en\/wp-json\/wp\/v2\/media\/13146"}],"wp:attachment":[{"href":"https:\/\/hds.chemin-neuf.org\/en\/wp-json\/wp\/v2\/media?parent=8626"}],"curies":[{"name":"wp","href":"https:\/\/api.w.org\/{rel}","templated":true}]}}