{"id":8602,"date":"2021-07-27T17:57:27","date_gmt":"2021-07-27T15:57:27","guid":{"rendered":"https:\/\/hds.chemin-neuf.org\/prayer-and-discernment\/"},"modified":"2025-05-27T12:03:08","modified_gmt":"2025-05-27T10:03:08","slug":"prayer-and-discernment","status":"publish","type":"page","link":"https:\/\/hds.chemin-neuf.org\/en\/prayer-and-discernment\/","title":{"rendered":"Prayer and discernment"},"content":{"rendered":"\n<h4 class=\"wp-block-heading\">With 50 years of experience in spiritual guidance, the Chemin Neuf Community helps HDS students discern their next step through a school of prayer.<\/h4>\n\n\n\n<h4 class=\"wp-block-heading\">Each week, young Christians are accompanied individually to move forward with Jesus. Ignatian spiritual guidance helps them to re-read their prayer and to get to know themselves better.<\/h4>\n\n\n\n<div style=\"height:20px\" aria-hidden=\"true\" class=\"wp-block-spacer\"><\/div>\n\n\n\n<div class=\"wp-block-media-text alignwide is-stacked-on-mobile\"><figure class=\"wp-block-media-text__media\"><img loading=\"lazy\" decoding=\"async\" width=\"720\" height=\"720\" src=\"https:\/\/hds.chemin-neuf.org\/wp-content\/uploads\/2023\/11\/croix-soleil-carre.jpg\" alt=\"\" class=\"wp-image-10981 size-full\" srcset=\"https:\/\/hds.chemin-neuf.org\/wp-content\/uploads\/2023\/11\/croix-soleil-carre.jpg 720w, https:\/\/hds.chemin-neuf.org\/wp-content\/uploads\/2023\/11\/croix-soleil-carre-300x300.jpg 300w, https:\/\/hds.chemin-neuf.org\/wp-content\/uploads\/2023\/11\/croix-soleil-carre-150x150.jpg 150w\" sizes=\"auto, (max-width: 720px) 100vw, 720px\" \/><\/figure><div class=\"wp-block-media-text__content\">\n<h4 class=\"wp-block-heading\">Daily personal prayer<\/h4>\n\n\n\n<p>Prayer is at the centre of HDS. It is the place to meet God, to listen to his word and to receive his gifts.<br>Through daily silent prayer, liturgical prayer, the Eucharist, adoration and the times of worship, each person is invited to live the unique experience of God&#8217;s love and to be transformed through it.<\/p>\n\n\n\n<p><em>&#8220;Prayer has become a time when I can talk to God. I talk to him as if he were a friend&#8230;&#8221;<\/em><br><em><br>&#8220;Today, prayer has become a vital moment without which the day seems empty&#8230;&#8221;<\/em><br><em><br>&#8220;It gives a deep meaning to my day and I can no longer do without it, it is through it that God enables me to move forward&#8230;&#8221;<\/em><\/p>\n<\/div><\/div>\n\n\n\n<div style=\"height:20px\" aria-hidden=\"true\" class=\"wp-block-spacer\"><\/div>\n\n\n\n<div class=\"wp-block-media-text is-stacked-on-mobile alignwide\"><figure class=\"wp-block-media-text__media\"><img loading=\"lazy\" decoding=\"async\" width=\"600\" height=\"600\" src=\"https:\/\/hds.chemin-neuf.org\/wp-content\/uploads\/2020\/12\/carre-hds-jeune-prie-ss-logo.jpg\" alt=\"\" class=\"wp-image-2726 size-full\" srcset=\"https:\/\/hds.chemin-neuf.org\/wp-content\/uploads\/2020\/12\/carre-hds-jeune-prie-ss-logo.jpg 600w, https:\/\/hds.chemin-neuf.org\/wp-content\/uploads\/2020\/12\/carre-hds-jeune-prie-ss-logo-300x300.jpg 300w, https:\/\/hds.chemin-neuf.org\/wp-content\/uploads\/2020\/12\/carre-hds-jeune-prie-ss-logo-150x150.jpg 150w\" sizes=\"auto, (max-width: 600px) 100vw, 600px\" \/><\/figure><div class=\"wp-block-media-text__content\">\n<h4 class=\"wp-block-heading\">Times of community prayer<\/h4>\n\n\n\n<p>Every day the services of Laudes and Vespers bring us together with the Liturgy of the Church. On Thursdays we pray especially for Christian unity.<\/p>\n\n\n\n<p>The Eucharist is at the heart of our days, an essential time of renewal.<\/p>\n\n\n\n<p>In the evening, a time of adoration invites us to come closer to him in silence.<\/p>\n\n\n\n<p>Each week, prayer gatherings unite us together around the word and praise.<\/p>\n<\/div><\/div>\n\n\n\n<div style=\"height:20px\" aria-hidden=\"true\" class=\"wp-block-spacer\"><\/div>\n\n\n\n<div class=\"wp-block-media-text is-stacked-on-mobile alignwide\"><figure class=\"wp-block-media-text__media\"><img loading=\"lazy\" decoding=\"async\" width=\"300\" height=\"300\" src=\"https:\/\/hds.chemin-neuf.org\/wp-content\/uploads\/2023\/11\/acc-Antoine-carre-300x300-1.jpeg\" alt=\"\" class=\"wp-image-11004 size-full\" srcset=\"https:\/\/hds.chemin-neuf.org\/wp-content\/uploads\/2023\/11\/acc-Antoine-carre-300x300-1.jpeg 300w, https:\/\/hds.chemin-neuf.org\/wp-content\/uploads\/2023\/11\/acc-Antoine-carre-300x300-1-150x150.jpeg 150w\" sizes=\"auto, (max-width: 300px) 100vw, 300px\" \/><\/figure><div class=\"wp-block-media-text__content\">\n<h4 class=\"wp-block-heading\">Spiritual accompaniment <\/h4>\n\n\n\n<p>The Community is of Ignatian (Jesuit) spirituality. In the tradition of Saint Ignatius, an important place is given to spiritual guidance.<\/p>\n\n\n\n<p>The role of the spiritual companion is to help the other person to recognise the passage of God in their life, and the way in which God is leading them to better discern his or her calling.<\/p>\n\n\n\n<p>During the semester, spiritual accompaniment takes place once a week.<\/p>\n<\/div><\/div>\n\n\n\n<div style=\"height:20px\" aria-hidden=\"true\" class=\"wp-block-spacer\"><\/div>\n\n\n\n<div class=\"wp-block-media-text is-stacked-on-mobile alignwide\"><figure class=\"wp-block-media-text__media\"><img loading=\"lazy\" decoding=\"async\" width=\"600\" height=\"600\" src=\"https:\/\/hds.chemin-neuf.org\/wp-content\/uploads\/2020\/11\/carre-priere-O-de-G.jpg\" alt=\"\" class=\"wp-image-1710 size-full\" srcset=\"https:\/\/hds.chemin-neuf.org\/wp-content\/uploads\/2020\/11\/carre-priere-O-de-G.jpg 600w, https:\/\/hds.chemin-neuf.org\/wp-content\/uploads\/2020\/11\/carre-priere-O-de-G-300x300.jpg 300w, https:\/\/hds.chemin-neuf.org\/wp-content\/uploads\/2020\/11\/carre-priere-O-de-G-150x150.jpg 150w\" sizes=\"auto, (max-width: 600px) 100vw, 600px\" \/><\/figure><div class=\"wp-block-media-text__content\">\n<h4 class=\"wp-block-heading\">Discerning your calling<\/h4>\n\n\n\n<p>HDS also includes a time of retreat to live the Spiritual Exercises, a privileged moment to take the time to listen to the voice of the Lord and to let oneself be guided by Him. Learning to pray through this school of prayer allows one to take the next steps with the Lord.<br><br><em>&#8220;The silent retreat in the middle of the three months was an experience that completely renewed me.<br>The Lord really came to speak to me and restore me, and it is truly a privileged time with the Lord.&#8221;<\/em><\/p>\n<\/div><\/div>\n\n\n\n<div style=\"height:20px\" aria-hidden=\"true\" class=\"wp-block-spacer\"><\/div>\n\n\n\n<div class=\"wp-block-cover\"><img loading=\"lazy\" decoding=\"async\" width=\"1811\" height=\"1200\" class=\"wp-block-cover__image-background wp-image-5770\" alt=\"\" src=\"https:\/\/hds.chemin-neuf.org\/wp-content\/uploads\/2020\/11\/PRIERE-1-scaled-1.jpg\" style=\"object-position:58% 46%\" data-object-fit=\"cover\" data-object-position=\"58% 46%\" srcset=\"https:\/\/hds.chemin-neuf.org\/wp-content\/uploads\/2020\/11\/PRIERE-1-scaled-1.jpg 1811w, https:\/\/hds.chemin-neuf.org\/wp-content\/uploads\/2020\/11\/PRIERE-1-scaled-1-300x199.jpg 300w, https:\/\/hds.chemin-neuf.org\/wp-content\/uploads\/2020\/11\/PRIERE-1-scaled-1-1024x679.jpg 1024w, https:\/\/hds.chemin-neuf.org\/wp-content\/uploads\/2020\/11\/PRIERE-1-scaled-1-768x509.jpg 768w, https:\/\/hds.chemin-neuf.org\/wp-content\/uploads\/2020\/11\/PRIERE-1-scaled-1-1536x1018.jpg 1536w\" sizes=\"auto, (max-width: 1811px) 100vw, 1811px\" \/><div class=\"wp-block-cover__inner-container is-layout-flow wp-block-cover-is-layout-flow\">\n\n<h3 class=\"has-text-align-center wp-block-heading\"><strong>\u201cTeacher, where are you staying?\u201d<br>\u201cCome,\u201d he replied, \u201cand you will see.\u201d<br>So they went and saw where he was staying,<br>and they spent that day with him.<\/strong><\/h3>\n\n\n<p class=\"has-text-align-right\"><span style=\"color:#4b619c\" class=\"has-inline-color\">John 1:38-39<\/span><\/p>\n\n<\/div><\/div>\n\n\n\n<div class=\"wp-block-columns alignfull are-vertically-aligned-center is-layout-flex wp-container-core-columns-is-layout-9d6595d7 wp-block-columns-is-layout-flex\">\n<div class=\"wp-block-column is-vertically-aligned-center is-layout-flow wp-block-column-is-layout-flow\" style=\"flex-basis:25%\">\n<figure class=\"wp-block-image size-large is-style-default\"><a href=\"https:\/\/hds.chemin-neuf.org\/\"><img loading=\"lazy\" decoding=\"async\" width=\"995\" height=\"1024\" src=\"https:\/\/hds.chemin-neuf.org\/wp-content\/uploads\/2021\/06\/LOGO-HDS-1-995x1024.png\" alt=\"\" class=\"wp-image-7684\" srcset=\"https:\/\/hds.chemin-neuf.org\/wp-content\/uploads\/2021\/06\/LOGO-HDS-1-995x1024.png 995w, https:\/\/hds.chemin-neuf.org\/wp-content\/uploads\/2021\/06\/LOGO-HDS-1-291x300.png 291w, https:\/\/hds.chemin-neuf.org\/wp-content\/uploads\/2021\/06\/LOGO-HDS-1-768x791.png 768w, https:\/\/hds.chemin-neuf.org\/wp-content\/uploads\/2021\/06\/LOGO-HDS-1-1492x1536.png 1492w, https:\/\/hds.chemin-neuf.org\/wp-content\/uploads\/2021\/06\/LOGO-HDS-1-1989x2048.png 1989w\" sizes=\"auto, (max-width: 995px) 100vw, 995px\" \/><\/a><\/figure>\n\n\n\n<p><\/p>\n<\/div>\n\n\n\n<div class=\"wp-block-column is-vertically-aligned-center is-layout-flow wp-block-column-is-layout-flow\">\n<h4 class=\"alignfull has-text-align-center wp-block-heading\">BECOME DISCIPLES<br>\u00b7\u00b7\u00b7<br>TRANSFORM THE WORLD<\/h4>\n\n\n\n<div class=\"wp-block-buttons is-content-justification-center is-layout-flex wp-block-buttons-is-layout-flex\">\n<div class=\"wp-block-button is-style-outline is-style-outline--1\"><a class=\"wp-block-button__link has-light-orange-color has-gold-background-color has-text-color has-background no-border-radius\" href=\"https:\/\/hds.chemin-neuf.org\/infos-pratiques\/contactez-nous\/\">BE PART OF THE NEXT COHORT<\/a><\/div>\n<\/div>\n<\/div>\n<\/div>\n","protected":false},"excerpt":{"rendered":"<p>With 50 years of experience in spiritual guidance, the Chemin Neuf Community helps HDS students discern their next step through a school of prayer. Each week, young Christians are accompanied individually to move forward with Jesus. Ignatian spiritual guidance helps them to re-read their prayer and to get to know themselves better. Daily personal prayer [&hellip;]<\/p>\n","protected":false},"author":1,"featured_media":6578,"parent":0,"menu_order":3,"comment_status":"closed","ping_status":"closed","template":"","meta":{"_acf_changed":false,"footnotes":""},"class_list":["post-8602","page","type-page","status-publish","has-post-thumbnail","hentry"],"acf":[],"yoast_head":"<!-- This site is optimized with the Yoast SEO plugin v27.5 - https:\/\/yoast.com\/product\/yoast-seo-wordpress\/ -->\n<title>Ecole de Pri\u00e8re et de Discernement - Hautecombe Discipleship School<\/title>\n<meta name=\"description\" content=\"Ecole de pri\u00e8re \u00e0 l&#039;Abbaye d&#039;Hautecombe pour 3 mois ou 1 an. Un parcours de cours de Bible et de pri\u00e8re pour les jeunes chr\u00e9tiens.\" \/>\n<meta name=\"robots\" content=\"index, follow, max-snippet:-1, max-image-preview:large, max-video-preview:-1\" \/>\n<link rel=\"canonical\" href=\"https:\/\/hds.chemin-neuf.org\/en\/prayer-and-discernment\/\" \/>\n<meta property=\"og:locale\" content=\"en_US\" \/>\n<meta property=\"og:type\" content=\"article\" \/>\n<meta property=\"og:title\" content=\"Ecole de Pri\u00e8re et de Discernement - Hautecombe Discipleship School\" \/>\n<meta property=\"og:description\" content=\"Ecole de pri\u00e8re \u00e0 l&#039;Abbaye d&#039;Hautecombe pour 3 mois ou 1 an. Un parcours de cours de Bible et de pri\u00e8re pour les jeunes chr\u00e9tiens.\" \/>\n<meta property=\"og:url\" content=\"https:\/\/hds.chemin-neuf.org\/en\/prayer-and-discernment\/\" \/>\n<meta property=\"og:site_name\" content=\"Hautecombe Discipleship School\" \/>\n<meta property=\"article:publisher\" content=\"https:\/\/www.facebook.com\/hautecombediscipleshipschool\" \/>\n<meta property=\"article:modified_time\" content=\"2025-05-27T10:03:08+00:00\" \/>\n<meta property=\"og:image\" content=\"https:\/\/hds.chemin-neuf.org\/wp-content\/uploads\/2021\/06\/photos-7-copy-2-scaled.jpg\" \/>\n\t<meta property=\"og:image:width\" content=\"2560\" \/>\n\t<meta property=\"og:image:height\" content=\"2560\" \/>\n\t<meta property=\"og:image:type\" content=\"image\/jpeg\" \/>\n<meta name=\"twitter:card\" content=\"summary_large_image\" \/>\n<meta name=\"twitter:label1\" content=\"Est. reading time\" \/>\n\t<meta name=\"twitter:data1\" content=\"7 minutes\" \/>\n<script type=\"application\/ld+json\" class=\"yoast-schema-graph\">{\"@context\":\"https:\\\/\\\/schema.org\",\"@graph\":[{\"@type\":\"WebPage\",\"@id\":\"https:\\\/\\\/hds.chemin-neuf.org\\\/en\\\/prayer-and-discernment\\\/\",\"url\":\"https:\\\/\\\/hds.chemin-neuf.org\\\/en\\\/prayer-and-discernment\\\/\",\"name\":\"Ecole de Pri\u00e8re et de Discernement - Hautecombe Discipleship School\",\"isPartOf\":{\"@id\":\"https:\\\/\\\/hds.chemin-neuf.org\\\/en\\\/#website\"},\"primaryImageOfPage\":{\"@id\":\"https:\\\/\\\/hds.chemin-neuf.org\\\/en\\\/prayer-and-discernment\\\/#primaryimage\"},\"image\":{\"@id\":\"https:\\\/\\\/hds.chemin-neuf.org\\\/en\\\/prayer-and-discernment\\\/#primaryimage\"},\"thumbnailUrl\":\"https:\\\/\\\/hds.chemin-neuf.org\\\/wp-content\\\/uploads\\\/2021\\\/06\\\/photos-7-copy-2-scaled.jpg\",\"datePublished\":\"2021-07-27T15:57:27+00:00\",\"dateModified\":\"2025-05-27T10:03:08+00:00\",\"description\":\"Ecole de pri\u00e8re \u00e0 l'Abbaye d'Hautecombe pour 3 mois ou 1 an. Un parcours de cours de Bible et de pri\u00e8re pour les jeunes chr\u00e9tiens.\",\"breadcrumb\":{\"@id\":\"https:\\\/\\\/hds.chemin-neuf.org\\\/en\\\/prayer-and-discernment\\\/#breadcrumb\"},\"inLanguage\":\"en-US\",\"potentialAction\":[{\"@type\":\"ReadAction\",\"target\":[\"https:\\\/\\\/hds.chemin-neuf.org\\\/en\\\/prayer-and-discernment\\\/\"]}]},{\"@type\":\"ImageObject\",\"inLanguage\":\"en-US\",\"@id\":\"https:\\\/\\\/hds.chemin-neuf.org\\\/en\\\/prayer-and-discernment\\\/#primaryimage\",\"url\":\"https:\\\/\\\/hds.chemin-neuf.org\\\/wp-content\\\/uploads\\\/2021\\\/06\\\/photos-7-copy-2-scaled.jpg\",\"contentUrl\":\"https:\\\/\\\/hds.chemin-neuf.org\\\/wp-content\\\/uploads\\\/2021\\\/06\\\/photos-7-copy-2-scaled.jpg\",\"width\":2560,\"height\":2560,\"caption\":\"HDS est\"},{\"@type\":\"BreadcrumbList\",\"@id\":\"https:\\\/\\\/hds.chemin-neuf.org\\\/en\\\/prayer-and-discernment\\\/#breadcrumb\",\"itemListElement\":[{\"@type\":\"ListItem\",\"position\":1,\"name\":\"Accueil\",\"item\":\"https:\\\/\\\/hds.chemin-neuf.org\\\/en\\\/\"},{\"@type\":\"ListItem\",\"position\":2,\"name\":\"GAP YEAR\",\"item\":\"https:\\\/\\\/hds.chemin-neuf.org\\\/en\\\/gap-year\\\/\"},{\"@type\":\"ListItem\",\"position\":3,\"name\":\"Prayer and discernment\"}]},{\"@type\":\"WebSite\",\"@id\":\"https:\\\/\\\/hds.chemin-neuf.org\\\/en\\\/#website\",\"url\":\"https:\\\/\\\/hds.chemin-neuf.org\\\/en\\\/\",\"name\":\"Hautecombe Discipleship School\",\"description\":\"Formations avec la communaut\u00e9 du Chemin Neuf\",\"publisher\":{\"@id\":\"https:\\\/\\\/hds.chemin-neuf.org\\\/en\\\/#organization\"},\"potentialAction\":[{\"@type\":\"SearchAction\",\"target\":{\"@type\":\"EntryPoint\",\"urlTemplate\":\"https:\\\/\\\/hds.chemin-neuf.org\\\/en\\\/?s={search_term_string}\"},\"query-input\":{\"@type\":\"PropertyValueSpecification\",\"valueRequired\":true,\"valueName\":\"search_term_string\"}}],\"inLanguage\":\"en-US\"},{\"@type\":\"Organization\",\"@id\":\"https:\\\/\\\/hds.chemin-neuf.org\\\/en\\\/#organization\",\"name\":\"Hautecombe Discipleship School\",\"url\":\"https:\\\/\\\/hds.chemin-neuf.org\\\/en\\\/\",\"logo\":{\"@type\":\"ImageObject\",\"inLanguage\":\"en-US\",\"@id\":\"https:\\\/\\\/hds.chemin-neuf.org\\\/en\\\/#\\\/schema\\\/logo\\\/image\\\/\",\"url\":\"https:\\\/\\\/e72awhmgap4.exactdn.com\\\/wp-content\\\/uploads\\\/2024\\\/03\\\/Logo_3-detoure.png?strip=all&lossy=1&ssl=1\",\"contentUrl\":\"https:\\\/\\\/e72awhmgap4.exactdn.com\\\/wp-content\\\/uploads\\\/2024\\\/03\\\/Logo_3-detoure.png?strip=all&lossy=1&ssl=1\",\"width\":1920,\"height\":1920,\"caption\":\"Hautecombe Discipleship School\"},\"image\":{\"@id\":\"https:\\\/\\\/hds.chemin-neuf.org\\\/en\\\/#\\\/schema\\\/logo\\\/image\\\/\"},\"sameAs\":[\"https:\\\/\\\/www.facebook.com\\\/hautecombediscipleshipschool\",\"https:\\\/\\\/www.youtube.com\\\/@hautecombediscipleshipscho816\",\"https:\\\/\\\/www.instagram.com\\\/formation.hds\"]}]}<\/script>\n<!-- \/ Yoast SEO plugin. -->","yoast_head_json":{"title":"Ecole de Pri\u00e8re et de Discernement - Hautecombe Discipleship School","description":"Ecole de pri\u00e8re \u00e0 l'Abbaye d'Hautecombe pour 3 mois ou 1 an. Un parcours de cours de Bible et de pri\u00e8re pour les jeunes chr\u00e9tiens.","robots":{"index":"index","follow":"follow","max-snippet":"max-snippet:-1","max-image-preview":"max-image-preview:large","max-video-preview":"max-video-preview:-1"},"canonical":"https:\/\/hds.chemin-neuf.org\/en\/prayer-and-discernment\/","og_locale":"en_US","og_type":"article","og_title":"Ecole de Pri\u00e8re et de Discernement - Hautecombe Discipleship School","og_description":"Ecole de pri\u00e8re \u00e0 l'Abbaye d'Hautecombe pour 3 mois ou 1 an. Un parcours de cours de Bible et de pri\u00e8re pour les jeunes chr\u00e9tiens.","og_url":"https:\/\/hds.chemin-neuf.org\/en\/prayer-and-discernment\/","og_site_name":"Hautecombe Discipleship School","article_publisher":"https:\/\/www.facebook.com\/hautecombediscipleshipschool","article_modified_time":"2025-05-27T10:03:08+00:00","og_image":[{"width":2560,"height":2560,"url":"https:\/\/hds.chemin-neuf.org\/wp-content\/uploads\/2021\/06\/photos-7-copy-2-scaled.jpg","type":"image\/jpeg"}],"twitter_card":"summary_large_image","twitter_misc":{"Est. reading time":"7 minutes"},"schema":{"@context":"https:\/\/schema.org","@graph":[{"@type":"WebPage","@id":"https:\/\/hds.chemin-neuf.org\/en\/prayer-and-discernment\/","url":"https:\/\/hds.chemin-neuf.org\/en\/prayer-and-discernment\/","name":"Ecole de Pri\u00e8re et de Discernement - Hautecombe Discipleship School","isPartOf":{"@id":"https:\/\/hds.chemin-neuf.org\/en\/#website"},"primaryImageOfPage":{"@id":"https:\/\/hds.chemin-neuf.org\/en\/prayer-and-discernment\/#primaryimage"},"image":{"@id":"https:\/\/hds.chemin-neuf.org\/en\/prayer-and-discernment\/#primaryimage"},"thumbnailUrl":"https:\/\/hds.chemin-neuf.org\/wp-content\/uploads\/2021\/06\/photos-7-copy-2-scaled.jpg","datePublished":"2021-07-27T15:57:27+00:00","dateModified":"2025-05-27T10:03:08+00:00","description":"Ecole de pri\u00e8re \u00e0 l'Abbaye d'Hautecombe pour 3 mois ou 1 an. Un parcours de cours de Bible et de pri\u00e8re pour les jeunes chr\u00e9tiens.","breadcrumb":{"@id":"https:\/\/hds.chemin-neuf.org\/en\/prayer-and-discernment\/#breadcrumb"},"inLanguage":"en-US","potentialAction":[{"@type":"ReadAction","target":["https:\/\/hds.chemin-neuf.org\/en\/prayer-and-discernment\/"]}]},{"@type":"ImageObject","inLanguage":"en-US","@id":"https:\/\/hds.chemin-neuf.org\/en\/prayer-and-discernment\/#primaryimage","url":"https:\/\/hds.chemin-neuf.org\/wp-content\/uploads\/2021\/06\/photos-7-copy-2-scaled.jpg","contentUrl":"https:\/\/hds.chemin-neuf.org\/wp-content\/uploads\/2021\/06\/photos-7-copy-2-scaled.jpg","width":2560,"height":2560,"caption":"HDS est"},{"@type":"BreadcrumbList","@id":"https:\/\/hds.chemin-neuf.org\/en\/prayer-and-discernment\/#breadcrumb","itemListElement":[{"@type":"ListItem","position":1,"name":"Accueil","item":"https:\/\/hds.chemin-neuf.org\/en\/"},{"@type":"ListItem","position":2,"name":"GAP YEAR","item":"https:\/\/hds.chemin-neuf.org\/en\/gap-year\/"},{"@type":"ListItem","position":3,"name":"Prayer and discernment"}]},{"@type":"WebSite","@id":"https:\/\/hds.chemin-neuf.org\/en\/#website","url":"https:\/\/hds.chemin-neuf.org\/en\/","name":"Hautecombe Discipleship School","description":"Formations avec la communaut\u00e9 du Chemin Neuf","publisher":{"@id":"https:\/\/hds.chemin-neuf.org\/en\/#organization"},"potentialAction":[{"@type":"SearchAction","target":{"@type":"EntryPoint","urlTemplate":"https:\/\/hds.chemin-neuf.org\/en\/?s={search_term_string}"},"query-input":{"@type":"PropertyValueSpecification","valueRequired":true,"valueName":"search_term_string"}}],"inLanguage":"en-US"},{"@type":"Organization","@id":"https:\/\/hds.chemin-neuf.org\/en\/#organization","name":"Hautecombe Discipleship School","url":"https:\/\/hds.chemin-neuf.org\/en\/","logo":{"@type":"ImageObject","inLanguage":"en-US","@id":"https:\/\/hds.chemin-neuf.org\/en\/#\/schema\/logo\/image\/","url":"https:\/\/e72awhmgap4.exactdn.com\/wp-content\/uploads\/2024\/03\/Logo_3-detoure.png?strip=all&lossy=1&ssl=1","contentUrl":"https:\/\/e72awhmgap4.exactdn.com\/wp-content\/uploads\/2024\/03\/Logo_3-detoure.png?strip=all&lossy=1&ssl=1","width":1920,"height":1920,"caption":"Hautecombe Discipleship School"},"image":{"@id":"https:\/\/hds.chemin-neuf.org\/en\/#\/schema\/logo\/image\/"},"sameAs":["https:\/\/www.facebook.com\/hautecombediscipleshipschool","https:\/\/www.youtube.com\/@hautecombediscipleshipscho816","https:\/\/www.instagram.com\/formation.hds"]}]}},"_links":{"self":[{"href":"https:\/\/hds.chemin-neuf.org\/en\/wp-json\/wp\/v2\/pages\/8602","targetHints":{"allow":["GET"]}}],"collection":[{"href":"https:\/\/hds.chemin-neuf.org\/en\/wp-json\/wp\/v2\/pages"}],"about":[{"href":"https:\/\/hds.chemin-neuf.org\/en\/wp-json\/wp\/v2\/types\/page"}],"author":[{"embeddable":true,"href":"https:\/\/hds.chemin-neuf.org\/en\/wp-json\/wp\/v2\/users\/1"}],"replies":[{"embeddable":true,"href":"https:\/\/hds.chemin-neuf.org\/en\/wp-json\/wp\/v2\/comments?post=8602"}],"version-history":[{"count":8,"href":"https:\/\/hds.chemin-neuf.org\/en\/wp-json\/wp\/v2\/pages\/8602\/revisions"}],"predecessor-version":[{"id":11421,"href":"https:\/\/hds.chemin-neuf.org\/en\/wp-json\/wp\/v2\/pages\/8602\/revisions\/11421"}],"wp:featuredmedia":[{"embeddable":true,"href":"https:\/\/hds.chemin-neuf.org\/en\/wp-json\/wp\/v2\/media\/6578"}],"wp:attachment":[{"href":"https:\/\/hds.chemin-neuf.org\/en\/wp-json\/wp\/v2\/media?parent=8602"}],"curies":[{"name":"wp","href":"https:\/\/api.w.org\/{rel}","templated":true}]}}